{"id":120,"date":"2013-03-03T13:32:29","date_gmt":"2013-03-03T13:32:29","guid":{"rendered":"http:\/\/127.0.0.1:4001\/wordpress\/?page_id=120"},"modified":"2019-10-02T10:47:27","modified_gmt":"2019-10-02T10:47:27","slug":"il-volo","status":"publish","type":"page","link":"https:\/\/www.ballooningintuscany.com\/it\/il-volo\/","title":{"rendered":"Il Volo &#038; la Colazione Champagne"},"content":{"rendered":"<p>Decolliamo all\u2019alba, tra le 6 e le 7 del mattino secondo la stagione. I voli presto la mattina di solito non presentano problemi, mentre volare di pomeriggio sarebbe pericoloso a causa dei venti forti dal Tirreno che non si affievoliscono prima di sera. L\u2019operazione di preparazione della mongolfiera dura circa 30 minuti, e torniamo a met\u00e0 mattina.<\/p>\n<div class=\"flex-parent\">\n<div class=\"child-big\">\n<p>Il volo dura circa un\u2019ora e un quarto e culmina con un brindisi sul luogo dell\u2019atterraggio con Spumante e una selezione di stuzzichini con prodotti regionali e dolci. Di seguito carichiamo tutta l\u2019attrezzatura sul nostro veicolo con rimorchio che segue il volo dal terreno del decollo e con il veicolo per i passeggeri torniamo insieme al sito di partenza. Per quanto possibile, ripercorriamo la stessa tratta del volo, in modo che possiate vedere da terra quello che avete appena visto dall\u2019alto.<\/p>\n<div id=\"TA_selfserveprop928\" class=\"TA_selfserveprop\">\n<ul id=\"bmnZgQUA\" class=\"TA_links DckQ3b\">\n<li id=\"K624Tgpzyu03\" class=\"9QslU37lduhu\"><a href=\"https:\/\/www.tripadvisor.co.uk\/\" target=\"_blank\" rel=\"noopener noreferrer\"><img decoding=\"async\" src=\"https:\/\/www.tripadvisor.co.uk\/img\/cdsi\/img2\/branding\/150_logo-11900-2.png\" alt=\"TripAdvisor\" \/><\/a><\/li>\n<\/ul>\n<\/div>\n<p><script src=\"https:\/\/www.jscache.com\/wejs?wtype=selfserveprop&amp;uniq=928&amp;locationId=544074&amp;lang=en_UK&amp;rating=true&amp;nreviews=4&amp;writereviewlink=true&amp;popIdx=true&amp;iswide=true&amp;border=true&amp;display_version=2\"><\/script><\/p>\n<\/div>\n<div class=\"child-small\"><img loading=\"lazy\" decoding=\"async\" class=\"aligncenter size-full wp-image-3995\" src=\"https:\/\/www.ballooningintuscany.com\/wp-content\/uploads\/sites\/2\/2013\/03\/two-balloons-S.jpg\" alt=\"\" width=\"400\" height=\"300\" srcset=\"https:\/\/www.ballooningintuscany.com\/it\/wp-content\/uploads\/sites\/2\/2013\/03\/two-balloons-S.jpg 400w, https:\/\/www.ballooningintuscany.com\/it\/wp-content\/uploads\/sites\/2\/2013\/03\/two-balloons-S-300x225.jpg 300w\" sizes=\"auto, (max-width: 400px) 100vw, 400px\" \/><\/div>\n<\/div>\n<div class=\"flex-parent\">\n<div class=\"child-small-first\"><img loading=\"lazy\" decoding=\"async\" class=\"aligncenter size-full wp-image-3996\" src=\"https:\/\/www.ballooningintuscany.com\/wp-content\/uploads\/sites\/2\/2013\/03\/A-lovely-breakfast-with-Ferrari-Prosecco-S.jpg\" alt=\"\" width=\"500\" height=\"375\" srcset=\"https:\/\/www.ballooningintuscany.com\/it\/wp-content\/uploads\/sites\/2\/2013\/03\/A-lovely-breakfast-with-Ferrari-Prosecco-S.jpg 500w, https:\/\/www.ballooningintuscany.com\/it\/wp-content\/uploads\/sites\/2\/2013\/03\/A-lovely-breakfast-with-Ferrari-Prosecco-S-300x225.jpg 300w\" sizes=\"auto, (max-width: 500px) 100vw, 500px\" \/><\/div>\n<div class=\"child-big-second\">\n<h4>La Colazione<\/h4>\n<p>La merenda organizzata sul posto dell\u2019atterraggio alla fine di ogni volo consiste in una variet\u00e0 di pasticcini, di pane, di pizza, \u2013tutto fresco di giornata portato dal panificio del nostro villaggio. Offriamo anche la salumeria tipica con prosciutto, diversi salami e formaggi, e frutta di stagione. Tutti i prodotti sono freschi da posti locali, e sono abbinati con lo spumante premiato di Ferrari Brut.<\/p>\n<\/div>\n<\/div>\n<div class=\"flex-parent\">\n<div class=\"child-big\">\n<h4>Volo Privato (fino a quattro persone)<\/h4>\n<p>Per chi preferisce un\u2019esperienza privata e speciale, possiamo offrire la nostra mongolfiera piccola ad uso esclusivo per un volo che dura pi\u00f9 a lungo ma sempre con l\u2019aperitivo e un brunch dopo l\u2019atterraggio.<\/p>\n<\/div>\n<div class=\"child-small\"><img loading=\"lazy\" decoding=\"async\" class=\"aligncenter size-full wp-image-3997\" src=\"https:\/\/www.ballooningintuscany.com\/wp-content\/uploads\/sites\/2\/2013\/03\/Hello-down-there-1.jpg\" alt=\"\" width=\"960\" height=\"580\" srcset=\"https:\/\/www.ballooningintuscany.com\/it\/wp-content\/uploads\/sites\/2\/2013\/03\/Hello-down-there-1.jpg 960w, https:\/\/www.ballooningintuscany.com\/it\/wp-content\/uploads\/sites\/2\/2013\/03\/Hello-down-there-1-300x181.jpg 300w, https:\/\/www.ballooningintuscany.com\/it\/wp-content\/uploads\/sites\/2\/2013\/03\/Hello-down-there-1-768x464.jpg 768w\" sizes=\"auto, (max-width: 960px) 100vw, 960px\" \/><\/div>\n<\/div>\n<div class=\"flex-parent\">\n<div class=\"child-small-first\"><img loading=\"lazy\" decoding=\"async\" class=\"aligncenter size-full wp-image-3998\" src=\"https:\/\/www.ballooningintuscany.com\/wp-content\/uploads\/sites\/2\/2013\/03\/DSC_1129-S.jpg\" alt=\"\" width=\"500\" height=\"332\" srcset=\"https:\/\/www.ballooningintuscany.com\/it\/wp-content\/uploads\/sites\/2\/2013\/03\/DSC_1129-S.jpg 500w, https:\/\/www.ballooningintuscany.com\/it\/wp-content\/uploads\/sites\/2\/2013\/03\/DSC_1129-S-300x199.jpg 300w\" sizes=\"auto, (max-width: 500px) 100vw, 500px\" \/><\/div>\n<div class=\"child-big-second\">\n<h4>Voli speciali da altri posti<\/h4>\n<p>Per chi pernotta in una struttura con un terreno privato, si pu\u00f2 valutare di partire direttamente da l\u00ec. Ci\u00f2 richiede un\u2019organizzazione pi\u00f9 complessa per cui dobbiamo verificare il terreno e la carta nautica e ovviamente ci\u00f2 comporta anche delle spese aggiunte. Vi preghiamo di contattarci per maggiori informazioni.<\/p>\n<\/div>\n<\/div>\n<div class=\"flex-parent\">\n<div class=\"child-big\">\n<h4>Il Paesaggio<\/h4>\n<p>La regione su cui voliamo \u00e8 situata nelle Crete Senesi, circa 50 km a sud di Siena. \u00c8 una zona di dolci colline, separate da ripide valli, con tanti villaggi di origine Etrusca, castelli e fattorie isolate. A est e a ovest ci sono due paesi conosciuti in tutto il mondo per il vino vi si produce: Montepulciano e Montalcino. A sud invece si trova Pienza con la Val d\u2019Orcia.Tuscany Landscape-S Una catena di colline boscose di circa 8 km di lunghezza e a circa 305 metri d\u2019altitudine separa le Crete di Senesi dalla Val di Chiana. Questa \u00e8 una zona molto coltivata, ma alla fine si trova sempre un posto per atterrare! Dopo aver trovato il posto dell\u2019atterraggio perfetto e aver passato castelli e villaggi che non sono cambiati da secoli, possiamo chiacchierare con i contadini che stanno potando gli olivi, oppure stanno curando i vigneti. Il paesaggio \u00e8 veramente ben conservato ed \u00e8 na meraviglia per gli occhi.<\/p>\n<\/div>\n<div class=\"child-small\"><img loading=\"lazy\" decoding=\"async\" class=\"aligncenter size-full wp-image-3999\" src=\"https:\/\/www.ballooningintuscany.com\/wp-content\/uploads\/sites\/2\/2013\/03\/Tuscany-Landscape-S.jpg\" alt=\"\" width=\"400\" height=\"425\" srcset=\"https:\/\/www.ballooningintuscany.com\/it\/wp-content\/uploads\/sites\/2\/2013\/03\/Tuscany-Landscape-S.jpg 400w, https:\/\/www.ballooningintuscany.com\/it\/wp-content\/uploads\/sites\/2\/2013\/03\/Tuscany-Landscape-S-282x300.jpg 282w\" sizes=\"auto, (max-width: 400px) 100vw, 400px\" \/><\/div>\n<\/div>\n<p>In direzione nord si pu\u00f2 distinguere Siena e addirittura le montagne dopo Firenze, mentre verso a est, gli Appennini oltre il Lago di Trasimeno salgono e diventano le cime dell\u2019Umbria e delle Marche. Nella direzione sud invece passiamo Montalcino e la Val d\u2019Orcia oltre al Monte Amiata che fa sembrare piccolo il paese di Montalcino adagiato sulla collina e da lontano il mare Tirreno scintilla.<\/p>\n<div class=\"flex-parent\">\n<div class=\"child-small-first\"><img loading=\"lazy\" decoding=\"async\" class=\"aligncenter size-full wp-image-4000\" src=\"https:\/\/www.ballooningintuscany.com\/wp-content\/uploads\/sites\/2\/2013\/03\/306468_142574672499365_2093218_n1-1.jpg\" alt=\"\" width=\"720\" height=\"480\" srcset=\"https:\/\/www.ballooningintuscany.com\/it\/wp-content\/uploads\/sites\/2\/2013\/03\/306468_142574672499365_2093218_n1-1.jpg 720w, https:\/\/www.ballooningintuscany.com\/it\/wp-content\/uploads\/sites\/2\/2013\/03\/306468_142574672499365_2093218_n1-1-300x200.jpg 300w\" sizes=\"auto, (max-width: 720px) 100vw, 720px\" \/><\/div>\n<div class=\"child-big-second\">\n<h4>La stagione dei voli in mongolfiera<\/h4>\n<p>Il periodo migliore per un volo in mongolfiera va dalla primavera all\u2019autunno con variazioni annuali. A volte a maggio fa freddo ed \u00e8 piovoso e a ottobre invece fa caldo come in piena estate\u2014non si sa mai! Comunque, solitamente i mesi estivi vanno benissimo per volare. Consigliamo di pernottare in zona e non viaggiare pi\u00f9 di 30 minuti per raggiungerci la mattina del volo. Potremmo consigliare un Bed &amp; Breakfast a Montisi, circa 50 km sud di Siena, vicino a Pienza, oppure un agriturismo o un albergo di lusso sempre qui vicino.<\/p>\n<\/div>\n<\/div>\n","protected":false},"excerpt":{"rendered":"<p>Decolliamo all\u2019alba, tra le 6 e le 7 del mattino secondo la stagione. I voli presto la mattina di solito non presentano problemi, mentre volare di pomeriggio sarebbe pericoloso a causa dei venti forti dal Tirreno che non si affievoliscono prima di sera. L\u2019operazione di preparazione della mongolfiera dura circa 30 minuti, e torniamo a [&hellip;]<\/p>\n","protected":false},"author":2,"featured_media":0,"parent":0,"menu_order":0,"comment_status":"open","ping_status":"open","template":"","meta":{"_genesis_hide_title":false,"_genesis_hide_breadcrumbs":false,"_genesis_hide_singular_image":false,"_genesis_hide_footer_widgets":false,"_genesis_custom_body_class":"","_genesis_custom_post_class":"","_genesis_layout":"","footnotes":""},"class_list":{"0":"post-120","1":"page","2":"type-page","3":"status-publish","5":"entry"},"yoast_head":"<!-- This site is optimized with the Yoast SEO plugin v27.4 - https:\/\/yoast.com\/product\/yoast-seo-wordpress\/ -->\n<title>Il Volo &amp; la Colazione Champagne - IT Ballooning In Tuscany<\/title>\n<meta name=\"robots\" content=\"noindex, follow, max-snippet:-1, max-image-preview:large, max-video-preview:-1\" \/>\n<meta property=\"og:locale\" content=\"it_IT\" \/>\n<meta property=\"og:type\" content=\"article\" \/>\n<meta property=\"og:title\" content=\"Il Volo &amp; la Colazione Champagne - IT Ballooning In Tuscany\" \/>\n<meta property=\"og:description\" content=\"Decolliamo all\u2019alba, tra le 6 e le 7 del mattino secondo la stagione. I voli presto la mattina di solito non presentano problemi, mentre volare di pomeriggio sarebbe pericoloso a causa dei venti forti dal Tirreno che non si affievoliscono prima di sera. L\u2019operazione di preparazione della mongolfiera dura circa 30 minuti, e torniamo a [&hellip;]\" \/>\n<meta property=\"og:url\" content=\"https:\/\/www.ballooningintuscany.com\/it\/il-volo\/\" \/>\n<meta property=\"og:site_name\" content=\"IT Ballooning In Tuscany\" \/>\n<meta property=\"article:modified_time\" content=\"2019-10-02T10:47:27+00:00\" \/>\n<meta property=\"og:image\" content=\"https:\/\/www.tripadvisor.co.uk\/img\/cdsi\/img2\/branding\/150_logo-11900-2.png\" \/>\n<meta name=\"twitter:card\" content=\"summary_large_image\" \/>\n<meta name=\"twitter:label1\" content=\"Tempo di lettura stimato\" \/>\n\t<meta name=\"twitter:data1\" content=\"3 minuti\" \/>\n<script type=\"application\/ld+json\" class=\"yoast-schema-graph\">{\"@context\":\"https:\\\/\\\/schema.org\",\"@graph\":[{\"@type\":\"WebPage\",\"@id\":\"https:\\\/\\\/www.ballooningintuscany.com\\\/it\\\/il-volo\\\/\",\"url\":\"https:\\\/\\\/www.ballooningintuscany.com\\\/it\\\/il-volo\\\/\",\"name\":\"Il Volo & la Colazione Champagne - IT Ballooning In Tuscany\",\"isPartOf\":{\"@id\":\"https:\\\/\\\/www.ballooningintuscany.com\\\/it\\\/#website\"},\"primaryImageOfPage\":{\"@id\":\"https:\\\/\\\/www.ballooningintuscany.com\\\/it\\\/il-volo\\\/#primaryimage\"},\"image\":{\"@id\":\"https:\\\/\\\/www.ballooningintuscany.com\\\/it\\\/il-volo\\\/#primaryimage\"},\"thumbnailUrl\":\"https:\\\/\\\/www.tripadvisor.co.uk\\\/img\\\/cdsi\\\/img2\\\/branding\\\/150_logo-11900-2.png\",\"datePublished\":\"2013-03-03T13:32:29+00:00\",\"dateModified\":\"2019-10-02T10:47:27+00:00\",\"breadcrumb\":{\"@id\":\"https:\\\/\\\/www.ballooningintuscany.com\\\/it\\\/il-volo\\\/#breadcrumb\"},\"inLanguage\":\"it-IT\",\"potentialAction\":[{\"@type\":\"ReadAction\",\"target\":[\"https:\\\/\\\/www.ballooningintuscany.com\\\/it\\\/il-volo\\\/\"]}]},{\"@type\":\"ImageObject\",\"inLanguage\":\"it-IT\",\"@id\":\"https:\\\/\\\/www.ballooningintuscany.com\\\/it\\\/il-volo\\\/#primaryimage\",\"url\":\"https:\\\/\\\/www.tripadvisor.co.uk\\\/img\\\/cdsi\\\/img2\\\/branding\\\/150_logo-11900-2.png\",\"contentUrl\":\"https:\\\/\\\/www.tripadvisor.co.uk\\\/img\\\/cdsi\\\/img2\\\/branding\\\/150_logo-11900-2.png\"},{\"@type\":\"BreadcrumbList\",\"@id\":\"https:\\\/\\\/www.ballooningintuscany.com\\\/it\\\/il-volo\\\/#breadcrumb\",\"itemListElement\":[{\"@type\":\"ListItem\",\"position\":1,\"name\":\"Home\",\"item\":\"https:\\\/\\\/www.ballooningintuscany.com\\\/it\\\/\"},{\"@type\":\"ListItem\",\"position\":2,\"name\":\"Il Volo &#038; la Colazione Champagne\"}]},{\"@type\":\"WebSite\",\"@id\":\"https:\\\/\\\/www.ballooningintuscany.com\\\/it\\\/#website\",\"url\":\"https:\\\/\\\/www.ballooningintuscany.com\\\/it\\\/\",\"name\":\"IT Ballooning In Tuscany\",\"description\":\"Ballooning in Tuscany\",\"potentialAction\":[{\"@type\":\"SearchAction\",\"target\":{\"@type\":\"EntryPoint\",\"urlTemplate\":\"https:\\\/\\\/www.ballooningintuscany.com\\\/it\\\/?s={search_term_string}\"},\"query-input\":{\"@type\":\"PropertyValueSpecification\",\"valueRequired\":true,\"valueName\":\"search_term_string\"}}],\"inLanguage\":\"it-IT\"}]}<\/script>\n<!-- \/ Yoast SEO plugin. -->","yoast_head_json":{"title":"Il Volo & la Colazione Champagne - IT Ballooning In Tuscany","robots":{"index":"noindex","follow":"follow","max-snippet":"max-snippet:-1","max-image-preview":"max-image-preview:large","max-video-preview":"max-video-preview:-1"},"og_locale":"it_IT","og_type":"article","og_title":"Il Volo & la Colazione Champagne - IT Ballooning In Tuscany","og_description":"Decolliamo all\u2019alba, tra le 6 e le 7 del mattino secondo la stagione. I voli presto la mattina di solito non presentano problemi, mentre volare di pomeriggio sarebbe pericoloso a causa dei venti forti dal Tirreno che non si affievoliscono prima di sera. L\u2019operazione di preparazione della mongolfiera dura circa 30 minuti, e torniamo a [&hellip;]","og_url":"https:\/\/www.ballooningintuscany.com\/it\/il-volo\/","og_site_name":"IT Ballooning In Tuscany","article_modified_time":"2019-10-02T10:47:27+00:00","og_image":[{"url":"https:\/\/www.tripadvisor.co.uk\/img\/cdsi\/img2\/branding\/150_logo-11900-2.png","type":"","width":"","height":""}],"twitter_card":"summary_large_image","twitter_misc":{"Tempo di lettura stimato":"3 minuti"},"schema":{"@context":"https:\/\/schema.org","@graph":[{"@type":"WebPage","@id":"https:\/\/www.ballooningintuscany.com\/it\/il-volo\/","url":"https:\/\/www.ballooningintuscany.com\/it\/il-volo\/","name":"Il Volo & la Colazione Champagne - IT Ballooning In Tuscany","isPartOf":{"@id":"https:\/\/www.ballooningintuscany.com\/it\/#website"},"primaryImageOfPage":{"@id":"https:\/\/www.ballooningintuscany.com\/it\/il-volo\/#primaryimage"},"image":{"@id":"https:\/\/www.ballooningintuscany.com\/it\/il-volo\/#primaryimage"},"thumbnailUrl":"https:\/\/www.tripadvisor.co.uk\/img\/cdsi\/img2\/branding\/150_logo-11900-2.png","datePublished":"2013-03-03T13:32:29+00:00","dateModified":"2019-10-02T10:47:27+00:00","breadcrumb":{"@id":"https:\/\/www.ballooningintuscany.com\/it\/il-volo\/#breadcrumb"},"inLanguage":"it-IT","potentialAction":[{"@type":"ReadAction","target":["https:\/\/www.ballooningintuscany.com\/it\/il-volo\/"]}]},{"@type":"ImageObject","inLanguage":"it-IT","@id":"https:\/\/www.ballooningintuscany.com\/it\/il-volo\/#primaryimage","url":"https:\/\/www.tripadvisor.co.uk\/img\/cdsi\/img2\/branding\/150_logo-11900-2.png","contentUrl":"https:\/\/www.tripadvisor.co.uk\/img\/cdsi\/img2\/branding\/150_logo-11900-2.png"},{"@type":"BreadcrumbList","@id":"https:\/\/www.ballooningintuscany.com\/it\/il-volo\/#breadcrumb","itemListElement":[{"@type":"ListItem","position":1,"name":"Home","item":"https:\/\/www.ballooningintuscany.com\/it\/"},{"@type":"ListItem","position":2,"name":"Il Volo &#038; la Colazione Champagne"}]},{"@type":"WebSite","@id":"https:\/\/www.ballooningintuscany.com\/it\/#website","url":"https:\/\/www.ballooningintuscany.com\/it\/","name":"IT Ballooning In Tuscany","description":"Ballooning in Tuscany","potentialAction":[{"@type":"SearchAction","target":{"@type":"EntryPoint","urlTemplate":"https:\/\/www.ballooningintuscany.com\/it\/?s={search_term_string}"},"query-input":{"@type":"PropertyValueSpecification","valueRequired":true,"valueName":"search_term_string"}}],"inLanguage":"it-IT"}]}},"_links":{"self":[{"href":"https:\/\/www.ballooningintuscany.com\/it\/wp-json\/wp\/v2\/pages\/120","targetHints":{"allow":["GET"]}}],"collection":[{"href":"https:\/\/www.ballooningintuscany.com\/it\/wp-json\/wp\/v2\/pages"}],"about":[{"href":"https:\/\/www.ballooningintuscany.com\/it\/wp-json\/wp\/v2\/types\/page"}],"author":[{"embeddable":true,"href":"https:\/\/www.ballooningintuscany.com\/it\/wp-json\/wp\/v2\/users\/2"}],"replies":[{"embeddable":true,"href":"https:\/\/www.ballooningintuscany.com\/it\/wp-json\/wp\/v2\/comments?post=120"}],"version-history":[{"count":8,"href":"https:\/\/www.ballooningintuscany.com\/it\/wp-json\/wp\/v2\/pages\/120\/revisions"}],"predecessor-version":[{"id":4360,"href":"https:\/\/www.ballooningintuscany.com\/it\/wp-json\/wp\/v2\/pages\/120\/revisions\/4360"}],"wp:attachment":[{"href":"https:\/\/www.ballooningintuscany.com\/it\/wp-json\/wp\/v2\/media?parent=120"}],"curies":[{"name":"wp","href":"https:\/\/api.w.org\/{rel}","templated":true}]}}